{"id":26,"date":"2019-12-12T21:56:30","date_gmt":"2019-12-12T20:56:30","guid":{"rendered":"http:\/\/lepatiodefes.com\/?page_id=26"},"modified":"2019-12-16T18:11:47","modified_gmt":"2019-12-16T17:11:47","slug":"le-patio-de-fes","status":"publish","type":"page","link":"https:\/\/lepatiodefes.com\/","title":{"rendered":"Le patio de F\u00e8s"},"content":{"rendered":"\n<div class=\"wp-block-group alignwide\"><div class=\"wp-block-group__inner-container is-layout-flow wp-block-group-is-layout-flow\">\n<h2 class=\"has-text-align-center wp-block-heading\">Authentique Riad au coeur de la m\u00e9dina de F\u00e8s<\/h2>\n<\/div><\/div>\n\n\n\n<div class=\"wp-block-columns alignwide is-layout-flex wp-container-core-columns-is-layout-9d6595d7 wp-block-columns-is-layout-flex\">\n<div class=\"wp-block-column is-layout-flow wp-block-column-is-layout-flow\" style=\"flex-basis:56%\"><\/div>\n\n\n\n<div class=\"wp-block-column is-layout-flow wp-block-column-is-layout-flow\" style=\"flex-basis:44%\"><\/div>\n<\/div>\n\n\n\n<div class=\"wp-block-group alignwide\"><div class=\"wp-block-group__inner-container is-layout-flow wp-block-group-is-layout-flow\">\n<div class=\"wp-block-group alignfull\"><div class=\"wp-block-group__inner-container is-layout-flow wp-block-group-is-layout-flow\">\n<div class=\"wp-block-image\"><figure class=\"alignleft size-large is-resized\"><img loading=\"lazy\" decoding=\"async\" src=\"http:\/\/lepatiodefes.com\/wp-content\/uploads\/2019\/12\/DSC_0195-1-1024x650.jpg\" alt=\"\" class=\"wp-image-221\" width=\"333\" height=\"211\" srcset=\"https:\/\/lepatiodefes.com\/wp-content\/uploads\/2019\/12\/DSC_0195-1-1024x650.jpg 1024w, https:\/\/lepatiodefes.com\/wp-content\/uploads\/2019\/12\/DSC_0195-1-300x190.jpg 300w, https:\/\/lepatiodefes.com\/wp-content\/uploads\/2019\/12\/DSC_0195-1-768x488.jpg 768w, https:\/\/lepatiodefes.com\/wp-content\/uploads\/2019\/12\/DSC_0195-1.jpg 1260w\" sizes=\"auto, (max-width: 333px) 100vw, 333px\" \/><figcaption>Vue 360\u00b0 depuis la terrasse<\/figcaption><\/figure><\/div>\n<\/div><\/div>\n<\/div><\/div>\n\n\n\n<p class=\"has-text-align-left\">Le \u00ab Patio de F\u00e8s \u00bb est situ\u00e9 au c\u0153ur de la M\u00e9dina, encadr\u00e9 par les trois mosqu\u00e9es de F\u00e8s.<\/p>\n\n\n\n<p class=\"has-text-align-left\">Son emplacement exceptionnel constitue un excellent point de d\u00e9part pour partir \u00e0 la d\u00e9couverte des mille et un tr\u00e9sors de F\u00e8s et de ses environs. Quand, en 2006, un couple de Fran\u00e7ais rach\u00e8te ce riad, il d\u00e9cide de lui redonner sa splendeur d\u2019origine.&nbsp;<\/p>\n\n\n\n<p>Trois ans de travaux ont \u00e9t\u00e9 n\u00e9cessaires pour restaurer \u00e0 l&rsquo;identique ce site exceptionnel \u00e0 l\u2019aide de mat\u00e9riaux traditionnels. Le \u00ab Patio de F\u00e8s \u00bb est un lieu o\u00f9 tout n\u2019est que raffinement, confort et s\u00e9r\u00e9nit\u00e9.<\/p>\n\n\n\n<div class=\"wp-block-image\"><figure class=\"alignright size-large is-resized\"><img loading=\"lazy\" decoding=\"async\" src=\"http:\/\/lepatiodefes.com\/wp-content\/uploads\/2019\/12\/DSC_2815-1024x678.jpg\" alt=\"\" class=\"wp-image-93\" width=\"256\" height=\"170\" srcset=\"https:\/\/lepatiodefes.com\/wp-content\/uploads\/2019\/12\/DSC_2815-1024x678.jpg 1024w, https:\/\/lepatiodefes.com\/wp-content\/uploads\/2019\/12\/DSC_2815-300x199.jpg 300w, https:\/\/lepatiodefes.com\/wp-content\/uploads\/2019\/12\/DSC_2815-768x509.jpg 768w, https:\/\/lepatiodefes.com\/wp-content\/uploads\/2019\/12\/DSC_2815-1536x1017.jpg 1536w, https:\/\/lepatiodefes.com\/wp-content\/uploads\/2019\/12\/DSC_2815-2048x1356.jpg 2048w, https:\/\/lepatiodefes.com\/wp-content\/uploads\/2019\/12\/DSC_2815-1200x795.jpg 1200w, https:\/\/lepatiodefes.com\/wp-content\/uploads\/2019\/12\/DSC_2815-1980x1311.jpg 1980w\" sizes=\"auto, (max-width: 256px) 100vw, 256px\" \/><figcaption>Une d\u00e9coration authentique et raffin\u00e9e<\/figcaption><\/figure><\/div>\n\n\n\n<p>Il se compose de 8 chambres, dont une suite, r\u00e9parties sur 3 \u00e9tages. Chacune d\u2019elles est personnalis\u00e9e et \u00e9quip\u00e9e d\u2019une salle de bains d\u00e9cor\u00e9e de mosa\u00efques \u00e0 l\u2019ancienne, les zelliges.&nbsp;<\/p>\n\n\n\n<p>Au d\u00e9tour des couloirs, vous pourrez admirer les quatre fontaines du riad, toutes authentiques.&nbsp;<\/p>\n\n\n\n<p>Le \u00ab Patio de F\u00e8s \u00bb dispose en outre d\u2019une terrasse arbor\u00e9e exceptionnelle \u2013une des plus hautes de F\u00e8s- qui offre une vue panoramique unique sur la m\u00e9dina et ses alentours.<\/p>\n\n\n\n<div class=\"wp-block-image\"><figure class=\"alignleft size-large is-resized\"><img loading=\"lazy\" decoding=\"async\" src=\"http:\/\/lepatiodefes.com\/wp-content\/uploads\/2019\/12\/DSC_3015-1024x678.jpg\" alt=\"\" class=\"wp-image-100\" width=\"237\" height=\"157\" srcset=\"https:\/\/lepatiodefes.com\/wp-content\/uploads\/2019\/12\/DSC_3015-1024x678.jpg 1024w, https:\/\/lepatiodefes.com\/wp-content\/uploads\/2019\/12\/DSC_3015-300x199.jpg 300w, https:\/\/lepatiodefes.com\/wp-content\/uploads\/2019\/12\/DSC_3015-768x509.jpg 768w, https:\/\/lepatiodefes.com\/wp-content\/uploads\/2019\/12\/DSC_3015-1536x1017.jpg 1536w, https:\/\/lepatiodefes.com\/wp-content\/uploads\/2019\/12\/DSC_3015-2048x1356.jpg 2048w, https:\/\/lepatiodefes.com\/wp-content\/uploads\/2019\/12\/DSC_3015-1200x795.jpg 1200w, https:\/\/lepatiodefes.com\/wp-content\/uploads\/2019\/12\/DSC_3015-1980x1311.jpg 1980w\" sizes=\"auto, (max-width: 237px) 100vw, 237px\" \/><figcaption>La fontaine du Patio<\/figcaption><\/figure><\/div>\n\n\n\n<p>Vous pourrez \u00e9galement vous d\u00e9tendre le temps d\u2019une pause \u00ab th\u00e9 \u00e0 la menthe \u00bb dans le patio lumineux du riad, o\u00f9 vous pourrez profiter de la qui\u00e9tude de ce lieu hors du temps\u2026 <\/p>\n","protected":false},"excerpt":{"rendered":"<p>Authentique Riad au coeur de la m\u00e9dina de F\u00e8s Le \u00ab Patio de F\u00e8s \u00bb est situ\u00e9 au c\u0153ur de la M\u00e9dina, encadr\u00e9 par les trois mosqu\u00e9es de F\u00e8s. Son emplacement exceptionnel constitue un excellent point de d\u00e9part pour partir \u00e0 la d\u00e9couverte des mille et un tr\u00e9sors de F\u00e8s et de ses environs. Quand, &hellip; <a href=\"https:\/\/lepatiodefes.com\/\" class=\"more-link\">Continuer la lecture de <span class=\"screen-reader-text\">Le patio de F\u00e8s<\/span>  <span class=\"meta-nav\">&rarr;<\/span><\/a><\/p>\n","protected":false},"author":1,"featured_media":0,"parent":0,"menu_order":0,"comment_status":"closed","ping_status":"closed","template":"","meta":{"footnotes":""},"class_list":["post-26","page","type-page","status-publish","hentry"],"_links":{"self":[{"href":"https:\/\/lepatiodefes.com\/index.php\/wp-json\/wp\/v2\/pages\/26","targetHints":{"allow":["GET"]}}],"collection":[{"href":"https:\/\/lepatiodefes.com\/index.php\/wp-json\/wp\/v2\/pages"}],"about":[{"href":"https:\/\/lepatiodefes.com\/index.php\/wp-json\/wp\/v2\/types\/page"}],"author":[{"embeddable":true,"href":"https:\/\/lepatiodefes.com\/index.php\/wp-json\/wp\/v2\/users\/1"}],"replies":[{"embeddable":true,"href":"https:\/\/lepatiodefes.com\/index.php\/wp-json\/wp\/v2\/comments?post=26"}],"version-history":[{"count":30,"href":"https:\/\/lepatiodefes.com\/index.php\/wp-json\/wp\/v2\/pages\/26\/revisions"}],"predecessor-version":[{"id":274,"href":"https:\/\/lepatiodefes.com\/index.php\/wp-json\/wp\/v2\/pages\/26\/revisions\/274"}],"wp:attachment":[{"href":"https:\/\/lepatiodefes.com\/index.php\/wp-json\/wp\/v2\/media?parent=26"}],"curies":[{"name":"wp","href":"https:\/\/api.w.org\/{rel}","templated":true}]}}