{"id":20,"date":"2019-12-12T21:56:30","date_gmt":"2019-12-12T20:56:30","guid":{"rendered":"http:\/\/lepatiodefes.com\/?page_id=20"},"modified":"2023-05-01T09:18:00","modified_gmt":"2023-05-01T07:18:00","slug":"contact","status":"publish","type":"page","link":"https:\/\/lepatiodefes.com\/index.php\/contact\/","title":{"rendered":"Contact"},"content":{"rendered":"\n<p>Nous restons \u00e0 votre \u00e9coute et sommes \u00e0 votre disposition pour que votre s\u00e9jour soit une r\u00e9ussite.<\/p>\n\n\n\n<p>Notre \u00e9quipe sur place saura r\u00e9pondre \u00e0 toutes vos attentes, pour que votre s\u00e9jour chez nous reste inoubliable.<\/p>\n\n\n\n<p><\/p>\n\n\n\n<p><\/p>\n\n\n\n<div class=\"wp-block-media-text alignwide is-stacked-on-mobile\" style=\"grid-template-columns:15% auto\"><figure class=\"wp-block-media-text__media\"><img loading=\"lazy\" decoding=\"async\" width=\"295\" height=\"295\" src=\"http:\/\/lepatiodefes.com\/wp-content\/uploads\/2019\/12\/tet.png\" alt=\"\" class=\"wp-image-183 size-full\" srcset=\"https:\/\/lepatiodefes.com\/wp-content\/uploads\/2019\/12\/tet.png 295w, https:\/\/lepatiodefes.com\/wp-content\/uploads\/2019\/12\/tet-150x150.png 150w\" sizes=\"auto, (max-width: 295px) 100vw, 295px\" \/><\/figure><div class=\"wp-block-media-text__content\">\n<p class=\"has-normal-font-size\">(00212)  628-360950<\/p>\n\n\n\n<p><\/p>\n<\/div><\/div>\n\n\n\n<div class=\"wp-block-media-text alignwide is-stacked-on-mobile is-vertically-aligned-center\" style=\"grid-template-columns:15% auto\"><figure class=\"wp-block-media-text__media\"><img loading=\"lazy\" decoding=\"async\" width=\"229\" height=\"220\" src=\"http:\/\/lepatiodefes.com\/wp-content\/uploads\/2019\/12\/mail.png\" alt=\"\" class=\"wp-image-180 size-full\"\/><\/figure><div class=\"wp-block-media-text__content\">\n<p class=\"has-text-align-left\"><a href=\"mailto:contact@lepatiodefes.com\" target=\"_blank\" rel=\"noreferrer noopener\" aria-label=\"contact@lepatiodefes.com (s\u2019ouvre dans un nouvel onglet)\">contact@lepatiodefes.com<\/a><\/p>\n\n\n\n<p><\/p>\n<\/div><\/div>\n\n\n\n<div class=\"wp-block-media-text alignwide is-stacked-on-mobile is-vertically-aligned-center\" style=\"grid-template-columns:15% auto\"><figure class=\"wp-block-media-text__media\"><img loading=\"lazy\" decoding=\"async\" width=\"247\" height=\"204\" src=\"http:\/\/lepatiodefes.com\/wp-content\/uploads\/2019\/12\/whatsapp.png\" alt=\"\" class=\"wp-image-181 size-full\"\/><\/figure><div class=\"wp-block-media-text__content\">\n<p class=\"has-normal-font-size\">+212 628-360950 &#8211; Maroc<\/p>\n\n\n\n<p>+33 671 305 174 &#8211; France<\/p>\n<\/div><\/div>\n\n\n\n<p><\/p>\n","protected":false},"excerpt":{"rendered":"<p>Nous restons \u00e0 votre \u00e9coute et sommes \u00e0 votre disposition pour que votre s\u00e9jour soit une r\u00e9ussite. Notre \u00e9quipe sur place saura r\u00e9pondre \u00e0 toutes vos attentes, pour que votre s\u00e9jour chez nous reste inoubliable. (00212) 628-360950 contact@lepatiodefes.com +212 628-360950 &#8211; Maroc +33 671 305 174 &#8211; France<\/p>\n","protected":false},"author":1,"featured_media":61,"parent":0,"menu_order":0,"comment_status":"closed","ping_status":"closed","template":"","meta":{"footnotes":""},"class_list":["post-20","page","type-page","status-publish","has-post-thumbnail","hentry"],"_links":{"self":[{"href":"https:\/\/lepatiodefes.com\/index.php\/wp-json\/wp\/v2\/pages\/20","targetHints":{"allow":["GET"]}}],"collection":[{"href":"https:\/\/lepatiodefes.com\/index.php\/wp-json\/wp\/v2\/pages"}],"about":[{"href":"https:\/\/lepatiodefes.com\/index.php\/wp-json\/wp\/v2\/types\/page"}],"author":[{"embeddable":true,"href":"https:\/\/lepatiodefes.com\/index.php\/wp-json\/wp\/v2\/users\/1"}],"replies":[{"embeddable":true,"href":"https:\/\/lepatiodefes.com\/index.php\/wp-json\/wp\/v2\/comments?post=20"}],"version-history":[{"count":7,"href":"https:\/\/lepatiodefes.com\/index.php\/wp-json\/wp\/v2\/pages\/20\/revisions"}],"predecessor-version":[{"id":279,"href":"https:\/\/lepatiodefes.com\/index.php\/wp-json\/wp\/v2\/pages\/20\/revisions\/279"}],"wp:featuredmedia":[{"embeddable":true,"href":"https:\/\/lepatiodefes.com\/index.php\/wp-json\/wp\/v2\/media\/61"}],"wp:attachment":[{"href":"https:\/\/lepatiodefes.com\/index.php\/wp-json\/wp\/v2\/media?parent=20"}],"curies":[{"name":"wp","href":"https:\/\/api.w.org\/{rel}","templated":true}]}}