{"id":19,"date":"2019-12-12T21:56:30","date_gmt":"2019-12-12T20:56:30","guid":{"rendered":"http:\/\/lepatiodefes.com\/?page_id=19"},"modified":"2019-12-16T18:10:17","modified_gmt":"2019-12-16T17:10:17","slug":"a-propos-de","status":"publish","type":"page","link":"https:\/\/lepatiodefes.com\/index.php\/a-propos-de\/","title":{"rendered":"portails de reservation"},"content":{"rendered":"\n<div class=\"wp-block-image\"><figure class=\"aligncenter size-large is-resized\"><img loading=\"lazy\" decoding=\"async\" src=\"http:\/\/lepatiodefes.com\/wp-content\/uploads\/2019\/12\/DSC_2812-1024x678.jpg\" alt=\"\" class=\"wp-image-92\" width=\"512\" height=\"339\" srcset=\"https:\/\/lepatiodefes.com\/wp-content\/uploads\/2019\/12\/DSC_2812-1024x678.jpg 1024w, https:\/\/lepatiodefes.com\/wp-content\/uploads\/2019\/12\/DSC_2812-300x199.jpg 300w, https:\/\/lepatiodefes.com\/wp-content\/uploads\/2019\/12\/DSC_2812-768x509.jpg 768w, https:\/\/lepatiodefes.com\/wp-content\/uploads\/2019\/12\/DSC_2812-1536x1017.jpg 1536w, https:\/\/lepatiodefes.com\/wp-content\/uploads\/2019\/12\/DSC_2812-2048x1356.jpg 2048w, https:\/\/lepatiodefes.com\/wp-content\/uploads\/2019\/12\/DSC_2812-1200x795.jpg 1200w, https:\/\/lepatiodefes.com\/wp-content\/uploads\/2019\/12\/DSC_2812-1980x1311.jpg 1980w\" sizes=\"auto, (max-width: 512px) 100vw, 512px\" \/><\/figure><\/div>\n\n\n\n<p class=\"has-text-align-center\">Le patio de Fes est pr\u00e9sent sur la majorit\u00e9 des sites de r\u00e9servation en ligne. <\/p>\n\n\n\n<div class=\"wp-block-group\"><div class=\"wp-block-group__inner-container is-layout-flow wp-block-group-is-layout-flow\">\n<div class=\"wp-block-image\"><figure class=\"aligncenter size-large is-resized\"><a href=\"https:\/\/www.expedia.fr\/Fes-Hotel-Le-Patio-De-Fes.h18099806.Description-Hotel?chkin=16%2F12%2F2019&amp;chkout=17%2F12%2F2019&amp;regionId=181312&amp;destType=MARKET&amp;destination=F\u00e8s%2C+Maroc&amp;swpToggleOn=true&amp;selected=18099806&amp;rm1=a2&amp;x_pwa=1&amp;sort=recommended&amp;top_dp=78&amp;top_cur=EUR&amp;rfrr=HSR&amp;pwa_ts=1576499726449&amp;neighborhoodId=553248635976399240&amp;referrerUrl=aHR0cHM6Ly93d3cuZXhwZWRpYS5mci9Ib3RlbC1TZWFyY2g%3D\"><img loading=\"lazy\" decoding=\"async\" src=\"http:\/\/lepatiodefes.com\/wp-content\/uploads\/2019\/12\/ex.png\" alt=\"\" class=\"wp-image-174\" width=\"170\" height=\"68\" srcset=\"https:\/\/lepatiodefes.com\/wp-content\/uploads\/2019\/12\/ex.png 355w, https:\/\/lepatiodefes.com\/wp-content\/uploads\/2019\/12\/ex-300x120.png 300w\" sizes=\"auto, (max-width: 170px) 100vw, 170px\" \/><\/a><\/figure><\/div>\n\n\n\n<div class=\"wp-block-group\"><div class=\"wp-block-group__inner-container is-layout-flow wp-block-group-is-layout-flow\">\n<div class=\"wp-block-image\"><figure class=\"aligncenter is-resized\"><a href=\"https:\/\/www.booking.com\/hotel\/ma\/riad-le-patio-de-fes.fr.html?label=gen173nr-1DCAsojAFCFHJpYWQtbGUtcGF0aW8tZGUtZmVzSA1YBGhNiAEBmAENuAEYyAEN2AED6AEB-AEDiAIBqAIEuAKT8N3vBcACAQ;sid=2c3a1ebe4a2f1f2ce38e9d7884f3a5f6;dist=0&amp;keep_landing=1&amp;sb_price_type=total&amp;type=total&amp;\"><img loading=\"lazy\" decoding=\"async\" src=\"http:\/\/lepatiodefes.com\/wp-content\/uploads\/2019\/12\/Unknown.jpg\" alt=\"\" class=\"wp-image-173\" width=\"109\" height=\"109\" srcset=\"https:\/\/lepatiodefes.com\/wp-content\/uploads\/2019\/12\/Unknown.jpg 225w, https:\/\/lepatiodefes.com\/wp-content\/uploads\/2019\/12\/Unknown-150x150.jpg 150w\" sizes=\"auto, (max-width: 109px) 100vw, 109px\" \/><\/a><\/figure><\/div>\n<\/div><\/div>\n<\/div><\/div>\n","protected":false},"excerpt":{"rendered":"<p>Le patio de Fes est pr\u00e9sent sur la majorit\u00e9 des sites de r\u00e9servation en ligne.<\/p>\n","protected":false},"author":1,"featured_media":0,"parent":0,"menu_order":0,"comment_status":"closed","ping_status":"closed","template":"","meta":{"footnotes":""},"class_list":["post-19","page","type-page","status-publish","hentry"],"_links":{"self":[{"href":"https:\/\/lepatiodefes.com\/index.php\/wp-json\/wp\/v2\/pages\/19","targetHints":{"allow":["GET"]}}],"collection":[{"href":"https:\/\/lepatiodefes.com\/index.php\/wp-json\/wp\/v2\/pages"}],"about":[{"href":"https:\/\/lepatiodefes.com\/index.php\/wp-json\/wp\/v2\/types\/page"}],"author":[{"embeddable":true,"href":"https:\/\/lepatiodefes.com\/index.php\/wp-json\/wp\/v2\/users\/1"}],"replies":[{"embeddable":true,"href":"https:\/\/lepatiodefes.com\/index.php\/wp-json\/wp\/v2\/comments?post=19"}],"version-history":[{"count":15,"href":"https:\/\/lepatiodefes.com\/index.php\/wp-json\/wp\/v2\/pages\/19\/revisions"}],"predecessor-version":[{"id":269,"href":"https:\/\/lepatiodefes.com\/index.php\/wp-json\/wp\/v2\/pages\/19\/revisions\/269"}],"wp:attachment":[{"href":"https:\/\/lepatiodefes.com\/index.php\/wp-json\/wp\/v2\/media?parent=19"}],"curies":[{"name":"wp","href":"https:\/\/api.w.org\/{rel}","templated":true}]}}