{"id":164,"date":"2019-12-12T23:16:19","date_gmt":"2019-12-12T22:16:19","guid":{"rendered":"http:\/\/lepatiodefes.com\/?page_id=164"},"modified":"2023-03-15T18:35:12","modified_gmt":"2023-03-15T17:35:12","slug":"livre-dor","status":"publish","type":"page","link":"https:\/\/lepatiodefes.com\/index.php\/livre-dor\/","title":{"rendered":"Livre d&rsquo;or"},"content":{"rendered":"\n<blockquote class=\"wp-block-quote is-layout-flow wp-block-quote-is-layout-flow\"><\/blockquote>\n\n\n\n<p><\/p>\n\n\n\n<blockquote class=\"wp-block-quote is-style-large is-layout-flow wp-block-quote-is-layout-flow\">\n<blockquote class=\"wp-block-quote is-style-large is-layout-flow wp-block-quote-is-layout-flow\">\n<p>Yusef \u00e9tait incroyablement sympathique et serviable. Le Riad \u00e9tait tr\u00e8s propre et notre lit \u00e9tait confortable.<\/p>\n<\/blockquote>\n<\/blockquote>\n\n\n\n<blockquote class=\"wp-block-quote is-layout-flow wp-block-quote-is-layout-flow\">\n<p>Bon accueil. Bon petit-d\u00e9jeuner. Tr\u00e8s beau ryad.<\/p>\n<\/blockquote>\n\n\n\n<blockquote class=\"wp-block-quote is-style-large is-layout-flow wp-block-quote-is-layout-flow\">\n<p><\/p>\n\n\n\n<p>The location in the city close to Bab R&rsquo;cif is excellent<\/p>\n<\/blockquote>\n\n\n\n<blockquote class=\"wp-block-quote is-layout-flow wp-block-quote-is-layout-flow\">\n<p>The breakfast was very good too<\/p>\n<\/blockquote>\n\n\n\n<blockquote class=\"wp-block-quote is-style-large is-layout-flow wp-block-quote-is-layout-flow\">\n<p>The bed was very confortable, big and clean bedroom<\/p>\n<\/blockquote>\n\n\n\n<blockquote class=\"wp-block-quote is-layout-flow wp-block-quote-is-layout-flow\">\n<p>El Riad es precioso, muy cerca de una de las plazas de acceso a la Medina, pero dentro de ella<\/p>\n<\/blockquote>\n\n\n\n<blockquote class=\"wp-block-quote is-style-large is-layout-flow wp-block-quote-is-layout-flow\">\n<p>Precioso, bien cuidado, y atendido con mucha amabilidad<\/p>\n<\/blockquote>\n\n\n\n<blockquote class=\"wp-block-quote is-layout-flow wp-block-quote-is-layout-flow\">\n<p>Situado en plena medina de Fez, un lugar \u00fanico<\/p>\n<\/blockquote>\n\n\n\n<blockquote class=\"wp-block-quote is-style-large is-layout-flow wp-block-quote-is-layout-flow\">\n<p>Terraza con vistas panor\u00e1micas<\/p>\n<\/blockquote>\n\n\n\n<blockquote class=\"wp-block-quote is-layout-flow wp-block-quote-is-layout-flow\">\n<p>Saad and Yussuf were extremely helpful in absolutely everything, getting us things we asked for, such tea, water or toilet paper, anticipating our needs, guiding us to the gate of the medina, arranging for taxis or guides (we took a taxi tour to Meknes and Volubilis&#8211;unforgettable<\/p>\n<\/blockquote>\n\n\n\n<blockquote class=\"wp-block-quote is-style-large is-layout-flow wp-block-quote-is-layout-flow\">\n<p>It feels like you stay in a museum<\/p>\n<\/blockquote>\n\n\n\n<blockquote class=\"wp-block-quote is-style-large is-layout-flow wp-block-quote-is-layout-flow\">\n<p>Bonjour \u00e0 Youssef et \u00e0 Ahmed nous tenons \u00e0 vous remercier pour votre chaleureux accueil et votre pr\u00e9sence bienveillante toute le semaine les bons repas de zineb son sourire et sa gentillesse un grand merci particulier pour les d\u00e9marches r\u00e9alis\u00e9es par Youssef pendant deux jours pour r\u00e9gulariser les gros dysfonctionnements de notre agence de voyage une pens\u00e9e pour les bons th\u00e9s \u00e0 la menthe d&rsquo;Ahmed<br>Fran\u00e7oise et ovidio<\/p>\n<\/blockquote>\n\n\n\n<blockquote class=\"wp-block-quote is-style-default is-layout-flow wp-block-quote-is-layout-flow\">\n<p>Nous avons aim\u00e9 le contraste ce voyage dans le temps entre les mur du Ryad. Le personnel \u00e9tait aimable et serviable le confort \u00e9tait parfait et le calme nous a vraiment fait du bien.<\/p>\n<\/blockquote>\n\n\n\n<blockquote class=\"wp-block-quote is-style-large is-layout-flow wp-block-quote-is-layout-flow\">\n<p>Ce riad d&rsquo;une grande beaut\u00e9 est un v\u00e9ritable bijou. Situ\u00e9 dans la fascinante m\u00e9dina de F\u00e8s, il permet un s\u00e9jour dans la tranquillit\u00e9 loin des voitures et du brouhaha de la vie moderne. Une terrasse avec chasines permet de contempler cette cit\u00e9 hors du temps. Les employ\u00e9s d&rsquo;une grande gentillesse sont de bon conseil pour tranport et guide au besoin. Youssef est venu me chercher place Rciff afin que je ne me perde pas. J&rsquo;avais la chambre Coriandre, grande et tr\u00e8s belle. Seul point n\u00e9gatif, de petites odeurs qui viennent des toilettes mais en fermant la porte, tout est r\u00e9gl\u00e9. Comme c&rsquo;\u00e9tait le temps du Ramadan, le reste de l&rsquo;hotel \u00e9tait quasi vide et j&rsquo;\u00e9tais contente de tout cette paix. J&rsquo;aimerais avoir le bonheur d&rsquo;y retourner.<\/p>\n<\/blockquote>\n","protected":false},"excerpt":{"rendered":"<p>Bon accueil. Bon petit-d\u00e9jeuner. Tr\u00e8s beau ryad. The location in the city close to Bab R&rsquo;cif is excellent The breakfast was very good too The bed was very confortable, big and clean bedroom El Riad es precioso, muy cerca de una de las plazas de acceso a la Medina, pero dentro de ella Precioso, bien &hellip; <a href=\"https:\/\/lepatiodefes.com\/index.php\/livre-dor\/\" class=\"more-link\">Continuer la lecture de <span class=\"screen-reader-text\">Livre d&rsquo;or<\/span>  <span class=\"meta-nav\">&rarr;<\/span><\/a><\/p>\n","protected":false},"author":1,"featured_media":0,"parent":0,"menu_order":0,"comment_status":"closed","ping_status":"closed","template":"","meta":{"footnotes":""},"class_list":["post-164","page","type-page","status-publish","hentry"],"_links":{"self":[{"href":"https:\/\/lepatiodefes.com\/index.php\/wp-json\/wp\/v2\/pages\/164","targetHints":{"allow":["GET"]}}],"collection":[{"href":"https:\/\/lepatiodefes.com\/index.php\/wp-json\/wp\/v2\/pages"}],"about":[{"href":"https:\/\/lepatiodefes.com\/index.php\/wp-json\/wp\/v2\/types\/page"}],"author":[{"embeddable":true,"href":"https:\/\/lepatiodefes.com\/index.php\/wp-json\/wp\/v2\/users\/1"}],"replies":[{"embeddable":true,"href":"https:\/\/lepatiodefes.com\/index.php\/wp-json\/wp\/v2\/comments?post=164"}],"version-history":[{"count":4,"href":"https:\/\/lepatiodefes.com\/index.php\/wp-json\/wp\/v2\/pages\/164\/revisions"}],"predecessor-version":[{"id":277,"href":"https:\/\/lepatiodefes.com\/index.php\/wp-json\/wp\/v2\/pages\/164\/revisions\/277"}],"wp:attachment":[{"href":"https:\/\/lepatiodefes.com\/index.php\/wp-json\/wp\/v2\/media?parent=164"}],"curies":[{"name":"wp","href":"https:\/\/api.w.org\/{rel}","templated":true}]}}